{"id":689,"date":"2019-07-05T14:17:13","date_gmt":"2019-07-05T19:17:13","guid":{"rendered":"https:\/\/www.avancecomputacional.com.mx\/?page_id=689"},"modified":"2019-07-08T14:54:05","modified_gmt":"2019-07-08T19:54:05","slug":"ingenieria","status":"publish","type":"page","link":"https:\/\/www.avancecomputacional.com.mx\/en\/ingenieria\/","title":{"rendered":"Engineering"},"content":{"rendered":"<p>[et_pb_section fb_built=&#8221;1&#8243; fullwidth=&#8221;on&#8221; _builder_version=&#8221;3.22.3&#8243;][et_pb_fullwidth_header title=&#8221;Engineering&#8221; _builder_version=&#8221;3.25.4&#8243; title_font=&#8221;|800|||||||&#8221; background_color_gradient_direction=&#8221;90deg&#8221; background_image=&#8221;https:\/\/www.avancecomputacional.com.mx\/wp-content\/uploads\/2019\/07\/bg-titulo-general.png&#8221; custom_padding=&#8221;30px||20px|&#8221; text_shadow_style=&#8221;preset2&#8243;][\/et_pb_fullwidth_header][\/et_pb_section][et_pb_section fb_built=&#8221;1&#8243; admin_label=&#8221;section&#8221; _builder_version=&#8221;3.22.3&#8243; background_color=&#8221;#f6f6f6&#8243; background_image=&#8221;https:\/\/www.avancecomputacional.com.mx\/wp-content\/uploads\/2019\/07\/bg-full-ingenieria.jpg&#8221; parallax=&#8221;on&#8221; custom_padding=&#8221;40px|0px|40px|0px|true|false&#8221;][et_pb_row column_structure=&#8221;1_2,1_2&#8243; admin_label=&#8221;row&#8221; _builder_version=&#8221;3.25&#8243; background_size=&#8221;initial&#8221; background_position=&#8221;top_left&#8221; background_repeat=&#8221;repeat&#8221;][et_pb_column type=&#8221;1_2&#8243; _builder_version=&#8221;3.25&#8243; custom_padding=&#8221;|||&#8221; custom_padding__hover=&#8221;|||&#8221;][et_pb_text admin_label=&#8221;Text&#8221; _builder_version=&#8221;3.18.8&#8243; background_size=&#8221;initial&#8221; background_position=&#8221;top_left&#8221; background_repeat=&#8221;repeat&#8221;]<\/p>\n<p>We organize teams in several disciplines: electromechanical work, electrical engineering, instrumentation, PLC programming, HMI interfaces, distributed control systems, draughtsmen, electrical and paneling, among others.<\/p>\n<p>With all this capacity we can complete projects of factory systems or processes, such as:<\/p>\n<p>&nbsp;<\/p>\n<ul>\n<li>Start-up of lines.<\/li>\n<li>Modernization of machinery.<\/li>\n<li>Modification of machines.<\/li>\n<li>Turnkey developments.<\/li>\n<li>Product tracking and automatic palletizing systems<\/li>\n<\/ul>\n<p>[\/et_pb_text][et_pb_text admin_label=&#8221;Text&#8221; _builder_version=&#8221;3.25.4&#8243; background_size=&#8221;initial&#8221; background_position=&#8221;top_left&#8221; background_repeat=&#8221;repeat&#8221;]<\/p>\n<p><span style=\"font-family: Lato, Helvetica, Arial, Lucida, sans-serif; font-size: 29px; font-weight: bold; text-align: justify; text-transform: uppercase;\">Examples:<\/span><\/p>\n<p>[\/et_pb_text][et_pb_text admin_label=&#8221;Text&#8221; _builder_version=&#8221;3.18.8&#8243; background_size=&#8221;initial&#8221; background_position=&#8221;top_left&#8221; background_repeat=&#8221;repeat&#8221;]<\/p>\n<ul><\/ul>\n<ul>\n<li>Migration of obsolete PLC-HMI controls such as Simatic S5, COROS, COMTEXT, SINUMERIK, PROTOOL, SCADA systems, online printers, industrial vision systems.<\/li>\n<li>Retrofit of control panels: intelligent control of motors, PILZ safety systems, flexible connection systems, calculation of ventilation cooling and air conditioning.<\/li>\n<li>Field networks: PROFIBUS, ETHERNET, DEVICENET, USS, CANBUS.<br \/>Sequence controls, testers, quality inspectors, product tracking by barcode or RFID, production history.<\/li>\n<\/ul>\n<p>[\/et_pb_text][\/et_pb_column][et_pb_column type=&#8221;1_2&#8243; _builder_version=&#8221;3.25&#8243; custom_padding=&#8221;|||&#8221; custom_padding__hover=&#8221;|||&#8221;][\/et_pb_column][\/et_pb_row][\/et_pb_section]<\/p>\n","protected":false},"excerpt":{"rendered":"<p>We organize teams in several disciplines: electromechanical work, electrical engineering, instrumentation, PLC programming, HMI interfaces, distributed control systems, draughtsmen, electrical and paneling, among others. With all this capacity we can complete projects of factory systems or processes, such as: &nbsp; Start-up of lines. Modernization of machinery. Modification of machines. Turnkey developments. Product tracking and automatic [&hellip;]<\/p>\n","protected":false},"author":3,"featured_media":0,"parent":0,"menu_order":0,"comment_status":"open","ping_status":"open","template":"","meta":{"_et_pb_use_builder":"on","_et_pb_old_content":"<p style=\"text-align: justify\"><a href=\"http:\/\/www.avancecomputacional.com.mx\/wp-content\/uploads\/2012\/10\/avance-header-01.jpg\"><img class=\"alignleft size-medium wp-image-87\" src=\"http:\/\/www.avancecomputacional.com.mx\/wp-content\/uploads\/2012\/10\/avance-header-01-300x85.jpg\" alt=\"avance-header-01\" width=\"300\" height=\"85\" \/><\/a><\/p>\r\n<p style=\"text-align: justify\"><\/p>\r\n<p style=\"text-align: justify\"><\/p>\r\n<p style=\"text-align: justify\"><\/p>\r\n<p style=\"text-align: justify\">Organizamos equipos en varias disciplinas: obra electromec\u00e1nica, ingenier\u00eda el\u00e9ctrica, instrumentaci\u00f3n, programaci\u00f3n de PLC, interfases HMI, sistemas de control distribuido, dibujantes, el\u00e9ctricos y tableristas, entre otros.<\/p>\r\n<p style=\"text-align: justify\">Con toda esta capacidad podemos completar proyectos de sistemas de f\u00e1brica o procesos, como son:<\/p>\r\n\r\n<ul>\r\n\t<li>Puesta en marcha de l\u00edneas.<\/li>\r\n\t<li>Modernizaci\u00f3n de maquinaria.<\/li>\r\n\t<li>Modificaci\u00f3n de m\u00e1quinas.<\/li>\r\n\t<li>Desarrollos llave en mano.<\/li>\r\n\t<li>\u00a0Sistemas de rastreo de producto y paletizado autom\u00e1tico.<\/li>\r\n<\/ul>\r\n<p style=\"text-align: justify\">Algunos ejemplos:<\/p>\r\n\r\n<ul>\r\n\t<li>Migraci\u00f3n de controles obsoletos PLC-HMI como Simatic S5, COROS, COMTEXT, SINUMERIK, PROTOOL, sistemas SCADA, impresoras en l\u00ednea, sistemas de visi\u00f3n industrial.<\/li>\r\n\t<li>Retrofit de tableros de control: control inteligente de motores, sistemas de seguridad PILZ, sistemas de conexi\u00f3n flexible, c\u00e1lculo de enfriamiento por ventilaci\u00f3n y aire acondicionado.<\/li>\r\n\t<li>Redes de campo: PROFIBUS, ETHERNET, DEVICENET, USS, CANBUS.<\/li>\r\n\t<li>Controles de secuencia, probadores, inspectores de calidad, rastreo de producto por c\u00f3digo de barras o RFID, historial de producci\u00f3n.<\/li>\r\n<\/ul>","_et_gb_content_width":""},"yoast_head":"<!-- This site is optimized with the Yoast SEO plugin v20.3 - https:\/\/yoast.com\/wordpress\/plugins\/seo\/ -->\n<title>Engineering - Avance Computacional<\/title>\n<meta name=\"robots\" content=\"index, follow, max-snippet:-1, max-image-preview:large, max-video-preview:-1\" \/>\n<link rel=\"canonical\" href=\"https:\/\/www.avancecomputacional.com.mx\/en\/ingenieria\/\" \/>\n<meta property=\"og:locale\" content=\"en_US\" \/>\n<meta property=\"og:type\" content=\"article\" \/>\n<meta property=\"og:title\" content=\"Engineering - Avance Computacional\" \/>\n<meta property=\"og:description\" content=\"We organize teams in several disciplines: electromechanical work, electrical engineering, instrumentation, PLC programming, HMI interfaces, distributed control systems, draughtsmen, electrical and paneling, among others. With all this capacity we can complete projects of factory systems or processes, such as: &nbsp; Start-up of lines. Modernization of machinery. Modification of machines. Turnkey developments. Product tracking and automatic [&hellip;]\" \/>\n<meta property=\"og:url\" content=\"https:\/\/www.avancecomputacional.com.mx\/en\/ingenieria\/\" \/>\n<meta property=\"og:site_name\" content=\"Avance Computacional\" \/>\n<meta property=\"article:modified_time\" content=\"2019-07-08T19:54:05+00:00\" \/>\n<meta name=\"twitter:card\" content=\"summary_large_image\" \/>\n<meta name=\"twitter:label1\" content=\"Est. reading time\" \/>\n\t<meta name=\"twitter:data1\" content=\"2 minutes\" \/>\n<script type=\"application\/ld+json\" class=\"yoast-schema-graph\">{\"@context\":\"https:\/\/schema.org\",\"@graph\":[{\"@type\":\"WebPage\",\"@id\":\"https:\/\/www.avancecomputacional.com.mx\/en\/ingenieria\/\",\"url\":\"https:\/\/www.avancecomputacional.com.mx\/en\/ingenieria\/\",\"name\":\"Engineering - Avance Computacional\",\"isPartOf\":{\"@id\":\"https:\/\/www.avancecomputacional.com.mx\/#website\"},\"datePublished\":\"2019-07-05T19:17:13+00:00\",\"dateModified\":\"2019-07-08T19:54:05+00:00\",\"breadcrumb\":{\"@id\":\"https:\/\/www.avancecomputacional.com.mx\/en\/ingenieria\/#breadcrumb\"},\"inLanguage\":\"en-US\",\"potentialAction\":[{\"@type\":\"ReadAction\",\"target\":[\"https:\/\/www.avancecomputacional.com.mx\/en\/ingenieria\/\"]}]},{\"@type\":\"BreadcrumbList\",\"@id\":\"https:\/\/www.avancecomputacional.com.mx\/en\/ingenieria\/#breadcrumb\",\"itemListElement\":[{\"@type\":\"ListItem\",\"position\":1,\"name\":\"Portada\",\"item\":\"https:\/\/www.avancecomputacional.com.mx\/en\/\"},{\"@type\":\"ListItem\",\"position\":2,\"name\":\"Engineering\"}]},{\"@type\":\"WebSite\",\"@id\":\"https:\/\/www.avancecomputacional.com.mx\/#website\",\"url\":\"https:\/\/www.avancecomputacional.com.mx\/\",\"name\":\"Avance Computacional\",\"description\":\"Automatizaci\u00f3n  y Control\",\"potentialAction\":[{\"@type\":\"SearchAction\",\"target\":{\"@type\":\"EntryPoint\",\"urlTemplate\":\"https:\/\/www.avancecomputacional.com.mx\/?s={search_term_string}\"},\"query-input\":\"required name=search_term_string\"}],\"inLanguage\":\"en-US\"}]}<\/script>\n<!-- \/ Yoast SEO plugin. -->","yoast_head_json":{"title":"Engineering - Avance Computacional","robots":{"index":"index","follow":"follow","max-snippet":"max-snippet:-1","max-image-preview":"max-image-preview:large","max-video-preview":"max-video-preview:-1"},"canonical":"https:\/\/www.avancecomputacional.com.mx\/en\/ingenieria\/","og_locale":"en_US","og_type":"article","og_title":"Engineering - Avance Computacional","og_description":"We organize teams in several disciplines: electromechanical work, electrical engineering, instrumentation, PLC programming, HMI interfaces, distributed control systems, draughtsmen, electrical and paneling, among others. With all this capacity we can complete projects of factory systems or processes, such as: &nbsp; Start-up of lines. Modernization of machinery. Modification of machines. Turnkey developments. Product tracking and automatic [&hellip;]","og_url":"https:\/\/www.avancecomputacional.com.mx\/en\/ingenieria\/","og_site_name":"Avance Computacional","article_modified_time":"2019-07-08T19:54:05+00:00","twitter_card":"summary_large_image","twitter_misc":{"Est. reading time":"2 minutes"},"schema":{"@context":"https:\/\/schema.org","@graph":[{"@type":"WebPage","@id":"https:\/\/www.avancecomputacional.com.mx\/en\/ingenieria\/","url":"https:\/\/www.avancecomputacional.com.mx\/en\/ingenieria\/","name":"Engineering - Avance Computacional","isPartOf":{"@id":"https:\/\/www.avancecomputacional.com.mx\/#website"},"datePublished":"2019-07-05T19:17:13+00:00","dateModified":"2019-07-08T19:54:05+00:00","breadcrumb":{"@id":"https:\/\/www.avancecomputacional.com.mx\/en\/ingenieria\/#breadcrumb"},"inLanguage":"en-US","potentialAction":[{"@type":"ReadAction","target":["https:\/\/www.avancecomputacional.com.mx\/en\/ingenieria\/"]}]},{"@type":"BreadcrumbList","@id":"https:\/\/www.avancecomputacional.com.mx\/en\/ingenieria\/#breadcrumb","itemListElement":[{"@type":"ListItem","position":1,"name":"Portada","item":"https:\/\/www.avancecomputacional.com.mx\/en\/"},{"@type":"ListItem","position":2,"name":"Engineering"}]},{"@type":"WebSite","@id":"https:\/\/www.avancecomputacional.com.mx\/#website","url":"https:\/\/www.avancecomputacional.com.mx\/","name":"Avance Computacional","description":"Automatizaci\u00f3n  y Control","potentialAction":[{"@type":"SearchAction","target":{"@type":"EntryPoint","urlTemplate":"https:\/\/www.avancecomputacional.com.mx\/?s={search_term_string}"},"query-input":"required name=search_term_string"}],"inLanguage":"en-US"}]}},"_links":{"self":[{"href":"https:\/\/www.avancecomputacional.com.mx\/en\/wp-json\/wp\/v2\/pages\/689"}],"collection":[{"href":"https:\/\/www.avancecomputacional.com.mx\/en\/wp-json\/wp\/v2\/pages"}],"about":[{"href":"https:\/\/www.avancecomputacional.com.mx\/en\/wp-json\/wp\/v2\/types\/page"}],"author":[{"embeddable":true,"href":"https:\/\/www.avancecomputacional.com.mx\/en\/wp-json\/wp\/v2\/users\/3"}],"replies":[{"embeddable":true,"href":"https:\/\/www.avancecomputacional.com.mx\/en\/wp-json\/wp\/v2\/comments?post=689"}],"version-history":[{"count":5,"href":"https:\/\/www.avancecomputacional.com.mx\/en\/wp-json\/wp\/v2\/pages\/689\/revisions"}],"predecessor-version":[{"id":777,"href":"https:\/\/www.avancecomputacional.com.mx\/en\/wp-json\/wp\/v2\/pages\/689\/revisions\/777"}],"wp:attachment":[{"href":"https:\/\/www.avancecomputacional.com.mx\/en\/wp-json\/wp\/v2\/media?parent=689"}],"curies":[{"name":"wp","href":"https:\/\/api.w.org\/{rel}","templated":true}]}}