{"id":700,"date":"2019-07-05T22:47:46","date_gmt":"2019-07-06T03:47:46","guid":{"rendered":"https:\/\/www.avancecomputacional.com.mx\/?page_id=700"},"modified":"2019-07-05T22:47:49","modified_gmt":"2019-07-06T03:47:49","slug":"about-us","status":"publish","type":"page","link":"https:\/\/www.avancecomputacional.com.mx\/en\/about-us\/","title":{"rendered":"About us"},"content":{"rendered":"<p>[et_pb_section fb_built=&#8221;1&#8243; fullwidth=&#8221;on&#8221; _builder_version=&#8221;3.22.3&#8243;][et_pb_fullwidth_header title=&#8221;About Us&#8221; _builder_version=&#8221;3.18.8&#8243; title_font=&#8221;|800|||||||&#8221; background_color_gradient_direction=&#8221;90deg&#8221; background_image=&#8221;https:\/\/www.avancecomputacional.com.mx\/wp-content\/uploads\/2019\/07\/bg-titulo-general.png&#8221; custom_padding=&#8221;30px||20px|&#8221; text_shadow_style=&#8221;preset2&#8243;][\/et_pb_fullwidth_header][\/et_pb_section][et_pb_section fb_built=&#8221;1&#8243; admin_label=&#8221;section&#8221; _builder_version=&#8221;3.22.3&#8243; background_color=&#8221;#f6f6f6&#8243; background_image=&#8221;https:\/\/www.avancecomputacional.com.mx\/wp-content\/uploads\/2019\/07\/bg-full-soporte.jpg&#8221; parallax=&#8221;on&#8221; custom_padding=&#8221;40px|0px|40px|0px|true|false&#8221;][et_pb_row admin_label=&#8221;row&#8221; _builder_version=&#8221;3.25&#8243; background_size=&#8221;initial&#8221; background_position=&#8221;top_left&#8221; background_repeat=&#8221;repeat&#8221; column_structure=&#8221;1_2,1_2&#8243;][et_pb_column type=&#8221;1_2&#8243; _builder_version=&#8221;3.25&#8243; custom_padding=&#8221;|||&#8221; custom_padding__hover=&#8221;|||&#8221;][et_pb_text admin_label=&#8221;Text&#8221; _builder_version=&#8221;3.0.74&#8243; background_size=&#8221;initial&#8221; background_position=&#8221;top_left&#8221; background_repeat=&#8221;repeat&#8221;]<\/p>\n<p>In Avance we strive every day to offer services that support the productivity of the industry in general. In 1986 we began successful operations in electronic development and personnel training.<\/p>\n<p>[\/et_pb_text][et_pb_text admin_label=&#8221;Text&#8221; _builder_version=&#8221;3.0.74&#8243; background_size=&#8221;initial&#8221; background_position=&#8221;top_left&#8221; background_repeat=&#8221;repeat&#8221;]<\/p>\n<p>Today, after several years of working together with the local and national industry, we pride ourselves in providing a wide range of services in the areas of:<\/p>\n<p>[\/et_pb_text][et_pb_text admin_label=&#8221;Text&#8221; _builder_version=&#8221;3.0.74&#8243; background_size=&#8221;initial&#8221; background_position=&#8221;top_left&#8221; background_repeat=&#8221;repeat&#8221;]<\/p>\n<ul>\n<li>Training and technical training.<\/li>\n<li>Engineering projects,<\/li>\n<li>Modernization of automatic controls,<\/li>\n<li>Process monitoring,<\/li>\n<li>Turnkey projects,<\/li>\n<li>Maintenance and service contracts, and of course,<\/li>\n<li>Sale of spare parts.<\/li>\n<\/ul>\n<p>[\/et_pb_text][\/et_pb_column][et_pb_column type=&#8221;1_2&#8243; _builder_version=&#8221;3.25&#8243; custom_padding=&#8221;|||&#8221; custom_padding__hover=&#8221;|||&#8221;][\/et_pb_column][\/et_pb_row][\/et_pb_section]<\/p>\n","protected":false},"excerpt":{"rendered":"<p>In Avance we strive every day to offer services that support the productivity of the industry in general. In 1986 we began successful operations in electronic development and personnel training.Today, after several years of working together with the local and national industry, we pride ourselves in providing a wide range of services in the areas [&hellip;]<\/p>\n","protected":false},"author":3,"featured_media":0,"parent":0,"menu_order":0,"comment_status":"open","ping_status":"open","template":"","meta":{"_et_pb_use_builder":"on","_et_pb_old_content":"En Avance nos esforzamos d\u00eda con d\u00eda en ofrecer servicios que apoyen la productividad de la industria en general. En 1986 iniciamos operaciones con \u00e9xito en el desarrollo electr\u00f3nico y capacitaci\u00f3n de personal.\r\n<p style=\"text-align: justify;\">Hoy, tras varios a\u00f1os de trabajar en conjunto con la industria local y nacional, nos enorgullecemos de brindar una amplia gama de servicios en las \u00e1reas de:<\/p>\r\n\r\n<ul>\r\n\t<li>Capacitaci\u00f3n y entrenamiento t\u00e9cnico.<\/li>\r\n\t<li>Proyectos de ingenier\u00eda,<\/li>\r\n\t<li>Modernizaci\u00f3n de controles autom\u00e1ticos,<\/li>\r\n\t<li>Monitoreo de procesos,<\/li>\r\n\t<li>Proyectos llave en mano,<\/li>\r\n\t<li>Contratos de mantenimiento y servicio, y por supuesto,<\/li>\r\n\t<li>Venta de refacciones.<\/li>\r\n<\/ul>","_et_gb_content_width":""},"yoast_head":"<!-- This site is optimized with the Yoast SEO plugin v20.3 - https:\/\/yoast.com\/wordpress\/plugins\/seo\/ -->\n<title>About us - Avance Computacional<\/title>\n<meta name=\"robots\" content=\"index, follow, max-snippet:-1, max-image-preview:large, max-video-preview:-1\" \/>\n<link rel=\"canonical\" href=\"https:\/\/www.avancecomputacional.com.mx\/en\/about-us\/\" \/>\n<meta property=\"og:locale\" content=\"en_US\" \/>\n<meta property=\"og:type\" content=\"article\" \/>\n<meta property=\"og:title\" content=\"About us - Avance Computacional\" \/>\n<meta property=\"og:description\" content=\"In Avance we strive every day to offer services that support the productivity of the industry in general. In 1986 we began successful operations in electronic development and personnel training.Today, after several years of working together with the local and national industry, we pride ourselves in providing a wide range of services in the areas [&hellip;]\" \/>\n<meta property=\"og:url\" content=\"https:\/\/www.avancecomputacional.com.mx\/en\/about-us\/\" \/>\n<meta property=\"og:site_name\" content=\"Avance Computacional\" \/>\n<meta property=\"article:modified_time\" content=\"2019-07-06T03:47:49+00:00\" \/>\n<meta name=\"twitter:card\" content=\"summary_large_image\" \/>\n<meta name=\"twitter:label1\" content=\"Est. reading time\" \/>\n\t<meta name=\"twitter:data1\" content=\"1 minute\" \/>\n<script type=\"application\/ld+json\" class=\"yoast-schema-graph\">{\"@context\":\"https:\/\/schema.org\",\"@graph\":[{\"@type\":\"WebPage\",\"@id\":\"https:\/\/www.avancecomputacional.com.mx\/en\/about-us\/\",\"url\":\"https:\/\/www.avancecomputacional.com.mx\/en\/about-us\/\",\"name\":\"About us - Avance Computacional\",\"isPartOf\":{\"@id\":\"https:\/\/www.avancecomputacional.com.mx\/#website\"},\"datePublished\":\"2019-07-06T03:47:46+00:00\",\"dateModified\":\"2019-07-06T03:47:49+00:00\",\"breadcrumb\":{\"@id\":\"https:\/\/www.avancecomputacional.com.mx\/en\/about-us\/#breadcrumb\"},\"inLanguage\":\"en-US\",\"potentialAction\":[{\"@type\":\"ReadAction\",\"target\":[\"https:\/\/www.avancecomputacional.com.mx\/en\/about-us\/\"]}]},{\"@type\":\"BreadcrumbList\",\"@id\":\"https:\/\/www.avancecomputacional.com.mx\/en\/about-us\/#breadcrumb\",\"itemListElement\":[{\"@type\":\"ListItem\",\"position\":1,\"name\":\"Portada\",\"item\":\"https:\/\/www.avancecomputacional.com.mx\/en\/\"},{\"@type\":\"ListItem\",\"position\":2,\"name\":\"About us\"}]},{\"@type\":\"WebSite\",\"@id\":\"https:\/\/www.avancecomputacional.com.mx\/#website\",\"url\":\"https:\/\/www.avancecomputacional.com.mx\/\",\"name\":\"Avance Computacional\",\"description\":\"Automatizaci\u00f3n  y Control\",\"potentialAction\":[{\"@type\":\"SearchAction\",\"target\":{\"@type\":\"EntryPoint\",\"urlTemplate\":\"https:\/\/www.avancecomputacional.com.mx\/?s={search_term_string}\"},\"query-input\":\"required name=search_term_string\"}],\"inLanguage\":\"en-US\"}]}<\/script>\n<!-- \/ Yoast SEO plugin. -->","yoast_head_json":{"title":"About us - Avance Computacional","robots":{"index":"index","follow":"follow","max-snippet":"max-snippet:-1","max-image-preview":"max-image-preview:large","max-video-preview":"max-video-preview:-1"},"canonical":"https:\/\/www.avancecomputacional.com.mx\/en\/about-us\/","og_locale":"en_US","og_type":"article","og_title":"About us - Avance Computacional","og_description":"In Avance we strive every day to offer services that support the productivity of the industry in general. In 1986 we began successful operations in electronic development and personnel training.Today, after several years of working together with the local and national industry, we pride ourselves in providing a wide range of services in the areas [&hellip;]","og_url":"https:\/\/www.avancecomputacional.com.mx\/en\/about-us\/","og_site_name":"Avance Computacional","article_modified_time":"2019-07-06T03:47:49+00:00","twitter_card":"summary_large_image","twitter_misc":{"Est. reading time":"1 minute"},"schema":{"@context":"https:\/\/schema.org","@graph":[{"@type":"WebPage","@id":"https:\/\/www.avancecomputacional.com.mx\/en\/about-us\/","url":"https:\/\/www.avancecomputacional.com.mx\/en\/about-us\/","name":"About us - Avance Computacional","isPartOf":{"@id":"https:\/\/www.avancecomputacional.com.mx\/#website"},"datePublished":"2019-07-06T03:47:46+00:00","dateModified":"2019-07-06T03:47:49+00:00","breadcrumb":{"@id":"https:\/\/www.avancecomputacional.com.mx\/en\/about-us\/#breadcrumb"},"inLanguage":"en-US","potentialAction":[{"@type":"ReadAction","target":["https:\/\/www.avancecomputacional.com.mx\/en\/about-us\/"]}]},{"@type":"BreadcrumbList","@id":"https:\/\/www.avancecomputacional.com.mx\/en\/about-us\/#breadcrumb","itemListElement":[{"@type":"ListItem","position":1,"name":"Portada","item":"https:\/\/www.avancecomputacional.com.mx\/en\/"},{"@type":"ListItem","position":2,"name":"About us"}]},{"@type":"WebSite","@id":"https:\/\/www.avancecomputacional.com.mx\/#website","url":"https:\/\/www.avancecomputacional.com.mx\/","name":"Avance Computacional","description":"Automatizaci\u00f3n  y Control","potentialAction":[{"@type":"SearchAction","target":{"@type":"EntryPoint","urlTemplate":"https:\/\/www.avancecomputacional.com.mx\/?s={search_term_string}"},"query-input":"required name=search_term_string"}],"inLanguage":"en-US"}]}},"_links":{"self":[{"href":"https:\/\/www.avancecomputacional.com.mx\/en\/wp-json\/wp\/v2\/pages\/700"}],"collection":[{"href":"https:\/\/www.avancecomputacional.com.mx\/en\/wp-json\/wp\/v2\/pages"}],"about":[{"href":"https:\/\/www.avancecomputacional.com.mx\/en\/wp-json\/wp\/v2\/types\/page"}],"author":[{"embeddable":true,"href":"https:\/\/www.avancecomputacional.com.mx\/en\/wp-json\/wp\/v2\/users\/3"}],"replies":[{"embeddable":true,"href":"https:\/\/www.avancecomputacional.com.mx\/en\/wp-json\/wp\/v2\/comments?post=700"}],"version-history":[{"count":3,"href":"https:\/\/www.avancecomputacional.com.mx\/en\/wp-json\/wp\/v2\/pages\/700\/revisions"}],"predecessor-version":[{"id":704,"href":"https:\/\/www.avancecomputacional.com.mx\/en\/wp-json\/wp\/v2\/pages\/700\/revisions\/704"}],"wp:attachment":[{"href":"https:\/\/www.avancecomputacional.com.mx\/en\/wp-json\/wp\/v2\/media?parent=700"}],"curies":[{"name":"wp","href":"https:\/\/api.w.org\/{rel}","templated":true}]}}