{"id":707,"date":"2019-07-05T22:52:57","date_gmt":"2019-07-06T03:52:57","guid":{"rendered":"https:\/\/www.avancecomputacional.com.mx\/?page_id=707"},"modified":"2019-07-05T22:53:23","modified_gmt":"2019-07-06T03:53:23","slug":"training","status":"publish","type":"page","link":"https:\/\/www.avancecomputacional.com.mx\/en\/training\/","title":{"rendered":"Training"},"content":{"rendered":"<p>[et_pb_section fb_built=&#8221;1&#8243; fullwidth=&#8221;on&#8221; _builder_version=&#8221;3.22.3&#8243;][et_pb_fullwidth_header title=&#8221;Training&#8221; _builder_version=&#8221;3.18.8&#8243; title_font=&#8221;|800|||||||&#8221; background_color_gradient_direction=&#8221;90deg&#8221; background_image=&#8221;https:\/\/www.avancecomputacional.com.mx\/wp-content\/uploads\/2019\/07\/bg-titulo-general.png&#8221; custom_padding=&#8221;30px||20px|&#8221; text_shadow_style=&#8221;preset2&#8243;][\/et_pb_fullwidth_header][\/et_pb_section][et_pb_section fb_built=&#8221;1&#8243; admin_label=&#8221;section&#8221; _builder_version=&#8221;3.22.3&#8243; background_color=&#8221;#f6f6f6&#8243; background_image=&#8221;https:\/\/www.avancecomputacional.com.mx\/wp-content\/uploads\/2019\/07\/bg-full-capacitacion.jpg&#8221; parallax=&#8221;on&#8221; custom_padding=&#8221;40px|0px|40px|0px|true|false&#8221;][et_pb_row column_structure=&#8221;1_2,1_2&#8243; admin_label=&#8221;row&#8221; _builder_version=&#8221;3.25&#8243; background_size=&#8221;initial&#8221; background_position=&#8221;top_left&#8221; background_repeat=&#8221;repeat&#8221;][et_pb_column type=&#8221;1_2&#8243; _builder_version=&#8221;3.25&#8243; custom_padding=&#8221;|||&#8221; custom_padding__hover=&#8221;|||&#8221;][et_pb_text admin_label=&#8221;Text&#8221; _builder_version=&#8221;3.0.74&#8243; background_size=&#8221;initial&#8221; background_position=&#8221;top_left&#8221; background_repeat=&#8221;repeat&#8221;]<\/p>\n<p>Automatic controls are programmed in a similar way to a modern computer. In our training department we have the mission to transmit the knowledge required to master these programming languages. We also focus on training maintenance personnel to achieve the skills that allow them to service these teams.<\/p>\n<p>In Avance we support the maintenance, engineering and human resources departments with training courses in different areas, such as:<\/p>\n<p>[\/et_pb_text][et_pb_text admin_label=&#8221;Text&#8221; _builder_version=&#8221;3.0.74&#8243; background_size=&#8221;initial&#8221; background_position=&#8221;top_left&#8221; background_repeat=&#8221;repeat&#8221;]<\/p>\n<ul>\n<li>Programming language STEP-5, MICRO-WIN, STEP-7 of the SIMATIC families.<\/li>\n<li>Programming of operator panels with PROTOOL and WINCC-FLEXIBLE software<\/li>\n<li>SCADA monitoring systems WIN-CC<\/li>\n<\/ul>\n<p>[\/et_pb_text][et_pb_text admin_label=&#8221;Text&#8221; _builder_version=&#8221;3.25.4&#8243; background_size=&#8221;initial&#8221; background_position=&#8221;top_left&#8221; background_repeat=&#8221;repeat&#8221;]<\/p>\n<p>We also offer courses in your facilities.<\/p>\n<p>[\/et_pb_text][\/et_pb_column][et_pb_column type=&#8221;1_2&#8243; _builder_version=&#8221;3.25&#8243; custom_padding=&#8221;|||&#8221; custom_padding__hover=&#8221;|||&#8221;][\/et_pb_column][\/et_pb_row][\/et_pb_section]<\/p>\n","protected":false},"excerpt":{"rendered":"<p>Automatic controls are programmed in a similar way to a modern computer. In our training department we have the mission to transmit the knowledge required to master these programming languages. We also focus on training maintenance personnel to achieve the skills that allow them to service these teams. In Avance we support the maintenance, engineering [&hellip;]<\/p>\n","protected":false},"author":3,"featured_media":0,"parent":0,"menu_order":0,"comment_status":"open","ping_status":"open","template":"","meta":{"_et_pb_use_builder":"on","_et_pb_old_content":"<p style=\"text-align: justify;\">Los controles autom\u00e1ticos se programan en forma similar a una computadora moderna. En nuestro departamento de capacitaci\u00f3n tenemos la misi\u00f3n de transmitir los conocimientos que se requieren para dominar estos lenguajes de programaci\u00f3n. Tambi\u00e9n nos enfocamos a entrenar al personal de mantenimiento para lograr las habilidades que le permiten dar servicio a estos equipos.<\/p>\r\n<p style=\"text-align: justify;\">En Avance apoyamos a los departamentos de mantenimiento, ingenier\u00eda y de recursos humanos con cursos de capacitaci\u00f3n en diferentes \u00e1reas, como:<\/p>\r\n\r\n<ul>\r\n\t<li>Lenguaje de programaci\u00f3n STEP-5, MICRO-WIN, STEP-7 de las familias SIMATIC.<\/li>\r\n\t<li>Programaci\u00f3n de paneles de operador con el software PROTOOL y WINCC-FLEXIBLE<\/li>\r\n\t<li>Sistemas de monitoreo SCADA WIN-CC<\/li>\r\n<\/ul>\r\n<p style=\"text-align: justify;\">En la secci\u00f3n \"Eventos\" podr\u00e1 consultar el calendario de cursos de todo el a\u00f1o.\r\nPonemos tambi\u00e9n a su disposici\u00f3n la impartici\u00f3n de cursos en sus instalaciones.<\/p>","_et_gb_content_width":""},"yoast_head":"<!-- This site is optimized with the Yoast SEO plugin v20.3 - https:\/\/yoast.com\/wordpress\/plugins\/seo\/ -->\n<title>Training - Avance Computacional<\/title>\n<meta name=\"robots\" content=\"index, follow, max-snippet:-1, max-image-preview:large, max-video-preview:-1\" \/>\n<link rel=\"canonical\" href=\"https:\/\/www.avancecomputacional.com.mx\/en\/training\/\" \/>\n<meta property=\"og:locale\" content=\"en_US\" \/>\n<meta property=\"og:type\" content=\"article\" \/>\n<meta property=\"og:title\" content=\"Training - Avance Computacional\" \/>\n<meta property=\"og:description\" content=\"Automatic controls are programmed in a similar way to a modern computer. In our training department we have the mission to transmit the knowledge required to master these programming languages. We also focus on training maintenance personnel to achieve the skills that allow them to service these teams. In Avance we support the maintenance, engineering [&hellip;]\" \/>\n<meta property=\"og:url\" content=\"https:\/\/www.avancecomputacional.com.mx\/en\/training\/\" \/>\n<meta property=\"og:site_name\" content=\"Avance Computacional\" \/>\n<meta property=\"article:modified_time\" content=\"2019-07-06T03:53:23+00:00\" \/>\n<meta name=\"twitter:card\" content=\"summary_large_image\" \/>\n<meta name=\"twitter:label1\" content=\"Est. reading time\" \/>\n\t<meta name=\"twitter:data1\" content=\"1 minute\" \/>\n<script type=\"application\/ld+json\" class=\"yoast-schema-graph\">{\"@context\":\"https:\/\/schema.org\",\"@graph\":[{\"@type\":\"WebPage\",\"@id\":\"https:\/\/www.avancecomputacional.com.mx\/en\/training\/\",\"url\":\"https:\/\/www.avancecomputacional.com.mx\/en\/training\/\",\"name\":\"Training - Avance Computacional\",\"isPartOf\":{\"@id\":\"https:\/\/www.avancecomputacional.com.mx\/#website\"},\"datePublished\":\"2019-07-06T03:52:57+00:00\",\"dateModified\":\"2019-07-06T03:53:23+00:00\",\"breadcrumb\":{\"@id\":\"https:\/\/www.avancecomputacional.com.mx\/en\/training\/#breadcrumb\"},\"inLanguage\":\"en-US\",\"potentialAction\":[{\"@type\":\"ReadAction\",\"target\":[\"https:\/\/www.avancecomputacional.com.mx\/en\/training\/\"]}]},{\"@type\":\"BreadcrumbList\",\"@id\":\"https:\/\/www.avancecomputacional.com.mx\/en\/training\/#breadcrumb\",\"itemListElement\":[{\"@type\":\"ListItem\",\"position\":1,\"name\":\"Portada\",\"item\":\"https:\/\/www.avancecomputacional.com.mx\/en\/\"},{\"@type\":\"ListItem\",\"position\":2,\"name\":\"Training\"}]},{\"@type\":\"WebSite\",\"@id\":\"https:\/\/www.avancecomputacional.com.mx\/#website\",\"url\":\"https:\/\/www.avancecomputacional.com.mx\/\",\"name\":\"Avance Computacional\",\"description\":\"Automatizaci\u00f3n  y Control\",\"potentialAction\":[{\"@type\":\"SearchAction\",\"target\":{\"@type\":\"EntryPoint\",\"urlTemplate\":\"https:\/\/www.avancecomputacional.com.mx\/?s={search_term_string}\"},\"query-input\":\"required name=search_term_string\"}],\"inLanguage\":\"en-US\"}]}<\/script>\n<!-- \/ Yoast SEO plugin. -->","yoast_head_json":{"title":"Training - Avance Computacional","robots":{"index":"index","follow":"follow","max-snippet":"max-snippet:-1","max-image-preview":"max-image-preview:large","max-video-preview":"max-video-preview:-1"},"canonical":"https:\/\/www.avancecomputacional.com.mx\/en\/training\/","og_locale":"en_US","og_type":"article","og_title":"Training - Avance Computacional","og_description":"Automatic controls are programmed in a similar way to a modern computer. In our training department we have the mission to transmit the knowledge required to master these programming languages. We also focus on training maintenance personnel to achieve the skills that allow them to service these teams. In Avance we support the maintenance, engineering [&hellip;]","og_url":"https:\/\/www.avancecomputacional.com.mx\/en\/training\/","og_site_name":"Avance Computacional","article_modified_time":"2019-07-06T03:53:23+00:00","twitter_card":"summary_large_image","twitter_misc":{"Est. reading time":"1 minute"},"schema":{"@context":"https:\/\/schema.org","@graph":[{"@type":"WebPage","@id":"https:\/\/www.avancecomputacional.com.mx\/en\/training\/","url":"https:\/\/www.avancecomputacional.com.mx\/en\/training\/","name":"Training - Avance Computacional","isPartOf":{"@id":"https:\/\/www.avancecomputacional.com.mx\/#website"},"datePublished":"2019-07-06T03:52:57+00:00","dateModified":"2019-07-06T03:53:23+00:00","breadcrumb":{"@id":"https:\/\/www.avancecomputacional.com.mx\/en\/training\/#breadcrumb"},"inLanguage":"en-US","potentialAction":[{"@type":"ReadAction","target":["https:\/\/www.avancecomputacional.com.mx\/en\/training\/"]}]},{"@type":"BreadcrumbList","@id":"https:\/\/www.avancecomputacional.com.mx\/en\/training\/#breadcrumb","itemListElement":[{"@type":"ListItem","position":1,"name":"Portada","item":"https:\/\/www.avancecomputacional.com.mx\/en\/"},{"@type":"ListItem","position":2,"name":"Training"}]},{"@type":"WebSite","@id":"https:\/\/www.avancecomputacional.com.mx\/#website","url":"https:\/\/www.avancecomputacional.com.mx\/","name":"Avance Computacional","description":"Automatizaci\u00f3n  y Control","potentialAction":[{"@type":"SearchAction","target":{"@type":"EntryPoint","urlTemplate":"https:\/\/www.avancecomputacional.com.mx\/?s={search_term_string}"},"query-input":"required name=search_term_string"}],"inLanguage":"en-US"}]}},"_links":{"self":[{"href":"https:\/\/www.avancecomputacional.com.mx\/en\/wp-json\/wp\/v2\/pages\/707"}],"collection":[{"href":"https:\/\/www.avancecomputacional.com.mx\/en\/wp-json\/wp\/v2\/pages"}],"about":[{"href":"https:\/\/www.avancecomputacional.com.mx\/en\/wp-json\/wp\/v2\/types\/page"}],"author":[{"embeddable":true,"href":"https:\/\/www.avancecomputacional.com.mx\/en\/wp-json\/wp\/v2\/users\/3"}],"replies":[{"embeddable":true,"href":"https:\/\/www.avancecomputacional.com.mx\/en\/wp-json\/wp\/v2\/comments?post=707"}],"version-history":[{"count":4,"href":"https:\/\/www.avancecomputacional.com.mx\/en\/wp-json\/wp\/v2\/pages\/707\/revisions"}],"predecessor-version":[{"id":712,"href":"https:\/\/www.avancecomputacional.com.mx\/en\/wp-json\/wp\/v2\/pages\/707\/revisions\/712"}],"wp:attachment":[{"href":"https:\/\/www.avancecomputacional.com.mx\/en\/wp-json\/wp\/v2\/media?parent=707"}],"curies":[{"name":"wp","href":"https:\/\/api.w.org\/{rel}","templated":true}]}}