{"id":717,"date":"2019-07-08T13:28:43","date_gmt":"2019-07-08T18:28:43","guid":{"rendered":"https:\/\/www.avancecomputacional.com.mx\/?page_id=717"},"modified":"2019-07-08T13:28:54","modified_gmt":"2019-07-08T18:28:54","slug":"service","status":"publish","type":"page","link":"https:\/\/www.avancecomputacional.com.mx\/en\/service\/","title":{"rendered":"Service"},"content":{"rendered":"<p>[et_pb_section fb_built=&#8221;1&#8243; fullwidth=&#8221;on&#8221; _builder_version=&#8221;3.22.3&#8243;][et_pb_fullwidth_header title=&#8221;Service&#8221; _builder_version=&#8221;3.18.8&#8243; title_font=&#8221;|800|||||||&#8221; background_color_gradient_direction=&#8221;90deg&#8221; background_image=&#8221;https:\/\/www.avancecomputacional.com.mx\/wp-content\/uploads\/2019\/07\/bg-titulo-general.png&#8221; custom_padding=&#8221;30px||20px|&#8221; text_shadow_style=&#8221;preset2&#8243;][\/et_pb_fullwidth_header][\/et_pb_section][et_pb_section fb_built=&#8221;1&#8243; admin_label=&#8221;section&#8221; _builder_version=&#8221;3.22.3&#8243; background_color=&#8221;#f6f6f6&#8243; background_image=&#8221;https:\/\/www.avancecomputacional.com.mx\/wp-content\/uploads\/2019\/07\/bg-full-servicio.jpg&#8221; parallax=&#8221;on&#8221; custom_padding=&#8221;40px|0px|40px|0px|true|false&#8221;][et_pb_row column_structure=&#8221;1_2,1_2&#8243; admin_label=&#8221;row&#8221; _builder_version=&#8221;3.25&#8243; background_size=&#8221;initial&#8221; background_position=&#8221;top_left&#8221; background_repeat=&#8221;repeat&#8221;][et_pb_column type=&#8221;1_2&#8243; _builder_version=&#8221;3.25&#8243; custom_padding=&#8221;|||&#8221; custom_padding__hover=&#8221;|||&#8221;][et_pb_text admin_label=&#8221;Text&#8221; _builder_version=&#8221;3.0.74&#8243; background_size=&#8221;initial&#8221; background_position=&#8221;top_left&#8221; background_repeat=&#8221;repeat&#8221;]<\/p>\n<p>Modern industry requires maintaining electronic control equipment in good condition, especially if the plant does not have sufficient tools or trained personnel for these tasks.<\/p>\n<p>Our engineering department developed service routines with the clear objective of supporting the maintenance staff of your company facilitating: detection and troubleshooting, improving the efficiency of equipment, reducing downtime and preventing more serious failures than the equipment I could have.<\/p>\n<p>We put at your disposal: technical assistance in Simatic S5 PLC, Simatic S7, Simatic OP, Siemens IPC industrial computers.<\/p>\n<p>We offer service contracts for continuous attention at the plant: 40, 60 and 80 hours per month for maintenance and training<\/p>\n<p>[\/et_pb_text][\/et_pb_column][et_pb_column type=&#8221;1_2&#8243; _builder_version=&#8221;3.25&#8243; custom_padding=&#8221;|||&#8221; custom_padding__hover=&#8221;|||&#8221;][\/et_pb_column][\/et_pb_row][\/et_pb_section]<\/p>\n","protected":false},"excerpt":{"rendered":"<p>Modern industry requires maintaining electronic control equipment in good condition, especially if the plant does not have sufficient tools or trained personnel for these tasks. Our engineering department developed service routines with the clear objective of supporting the maintenance staff of your company facilitating: detection and troubleshooting, improving the efficiency of equipment, reducing downtime and [&hellip;]<\/p>\n","protected":false},"author":3,"featured_media":0,"parent":0,"menu_order":0,"comment_status":"open","ping_status":"open","template":"","meta":{"_et_pb_use_builder":"on","_et_pb_old_content":"<p style=\"text-align: justify;\">La industria moderna requiere mantener en buen estado los equipos electr\u00f3nicos de control, especialmente si la planta no cuenta con las herramientas suficientes o el personal entrenado para estas tareas.<\/p>\r\n<p style=\"text-align: justify;\">Nuestro departamento de ingenier\u00eda desarroll\u00f3 rutinas de servicio con el claro objetivo de apoyar al personal de mantenimiento de su empresa facilitando as\u00ed la: detecci\u00f3n y soluci\u00f3n de fallas, mejorando la eficiencia de los equipos, bajando tiempos muertos y previniendo las fallas m\u00e1s graves que el equipo pudiera tener.<\/p>\r\n<p style=\"text-align: justify;\">Ponemos a su disposici\u00f3n: asistencia t\u00e9cnica en PLC Simatic S5, Simatic S7, Simatic OP, computadoras industriales Siemens IPC.<\/p>\r\n<p style=\"text-align: justify;\">Ofrecemos contratos de servicio para atenci\u00f3n cont\u00ednua en planta: 40, 60 y 80 horas mensuales para tareas de mantenimiento y capacitaci\u00f3n.<\/p>","_et_gb_content_width":""},"yoast_head":"<!-- This site is optimized with the Yoast SEO plugin v20.3 - https:\/\/yoast.com\/wordpress\/plugins\/seo\/ -->\n<title>Service - Avance Computacional<\/title>\n<meta name=\"robots\" content=\"index, follow, max-snippet:-1, max-image-preview:large, max-video-preview:-1\" \/>\n<link rel=\"canonical\" href=\"https:\/\/www.avancecomputacional.com.mx\/en\/service\/\" \/>\n<meta property=\"og:locale\" content=\"en_US\" \/>\n<meta property=\"og:type\" content=\"article\" \/>\n<meta property=\"og:title\" content=\"Service - Avance Computacional\" \/>\n<meta property=\"og:description\" content=\"Modern industry requires maintaining electronic control equipment in good condition, especially if the plant does not have sufficient tools or trained personnel for these tasks. Our engineering department developed service routines with the clear objective of supporting the maintenance staff of your company facilitating: detection and troubleshooting, improving the efficiency of equipment, reducing downtime and [&hellip;]\" \/>\n<meta property=\"og:url\" content=\"https:\/\/www.avancecomputacional.com.mx\/en\/service\/\" \/>\n<meta property=\"og:site_name\" content=\"Avance Computacional\" \/>\n<meta property=\"article:modified_time\" content=\"2019-07-08T18:28:54+00:00\" \/>\n<meta name=\"twitter:card\" content=\"summary_large_image\" \/>\n<meta name=\"twitter:label1\" content=\"Est. reading time\" \/>\n\t<meta name=\"twitter:data1\" content=\"1 minute\" \/>\n<script type=\"application\/ld+json\" class=\"yoast-schema-graph\">{\"@context\":\"https:\/\/schema.org\",\"@graph\":[{\"@type\":\"WebPage\",\"@id\":\"https:\/\/www.avancecomputacional.com.mx\/en\/service\/\",\"url\":\"https:\/\/www.avancecomputacional.com.mx\/en\/service\/\",\"name\":\"Service - Avance Computacional\",\"isPartOf\":{\"@id\":\"https:\/\/www.avancecomputacional.com.mx\/#website\"},\"datePublished\":\"2019-07-08T18:28:43+00:00\",\"dateModified\":\"2019-07-08T18:28:54+00:00\",\"breadcrumb\":{\"@id\":\"https:\/\/www.avancecomputacional.com.mx\/en\/service\/#breadcrumb\"},\"inLanguage\":\"en-US\",\"potentialAction\":[{\"@type\":\"ReadAction\",\"target\":[\"https:\/\/www.avancecomputacional.com.mx\/en\/service\/\"]}]},{\"@type\":\"BreadcrumbList\",\"@id\":\"https:\/\/www.avancecomputacional.com.mx\/en\/service\/#breadcrumb\",\"itemListElement\":[{\"@type\":\"ListItem\",\"position\":1,\"name\":\"Portada\",\"item\":\"https:\/\/www.avancecomputacional.com.mx\/en\/\"},{\"@type\":\"ListItem\",\"position\":2,\"name\":\"Service\"}]},{\"@type\":\"WebSite\",\"@id\":\"https:\/\/www.avancecomputacional.com.mx\/#website\",\"url\":\"https:\/\/www.avancecomputacional.com.mx\/\",\"name\":\"Avance Computacional\",\"description\":\"Automatizaci\u00f3n  y Control\",\"potentialAction\":[{\"@type\":\"SearchAction\",\"target\":{\"@type\":\"EntryPoint\",\"urlTemplate\":\"https:\/\/www.avancecomputacional.com.mx\/?s={search_term_string}\"},\"query-input\":\"required name=search_term_string\"}],\"inLanguage\":\"en-US\"}]}<\/script>\n<!-- \/ Yoast SEO plugin. -->","yoast_head_json":{"title":"Service - Avance Computacional","robots":{"index":"index","follow":"follow","max-snippet":"max-snippet:-1","max-image-preview":"max-image-preview:large","max-video-preview":"max-video-preview:-1"},"canonical":"https:\/\/www.avancecomputacional.com.mx\/en\/service\/","og_locale":"en_US","og_type":"article","og_title":"Service - Avance Computacional","og_description":"Modern industry requires maintaining electronic control equipment in good condition, especially if the plant does not have sufficient tools or trained personnel for these tasks. Our engineering department developed service routines with the clear objective of supporting the maintenance staff of your company facilitating: detection and troubleshooting, improving the efficiency of equipment, reducing downtime and [&hellip;]","og_url":"https:\/\/www.avancecomputacional.com.mx\/en\/service\/","og_site_name":"Avance Computacional","article_modified_time":"2019-07-08T18:28:54+00:00","twitter_card":"summary_large_image","twitter_misc":{"Est. reading time":"1 minute"},"schema":{"@context":"https:\/\/schema.org","@graph":[{"@type":"WebPage","@id":"https:\/\/www.avancecomputacional.com.mx\/en\/service\/","url":"https:\/\/www.avancecomputacional.com.mx\/en\/service\/","name":"Service - Avance Computacional","isPartOf":{"@id":"https:\/\/www.avancecomputacional.com.mx\/#website"},"datePublished":"2019-07-08T18:28:43+00:00","dateModified":"2019-07-08T18:28:54+00:00","breadcrumb":{"@id":"https:\/\/www.avancecomputacional.com.mx\/en\/service\/#breadcrumb"},"inLanguage":"en-US","potentialAction":[{"@type":"ReadAction","target":["https:\/\/www.avancecomputacional.com.mx\/en\/service\/"]}]},{"@type":"BreadcrumbList","@id":"https:\/\/www.avancecomputacional.com.mx\/en\/service\/#breadcrumb","itemListElement":[{"@type":"ListItem","position":1,"name":"Portada","item":"https:\/\/www.avancecomputacional.com.mx\/en\/"},{"@type":"ListItem","position":2,"name":"Service"}]},{"@type":"WebSite","@id":"https:\/\/www.avancecomputacional.com.mx\/#website","url":"https:\/\/www.avancecomputacional.com.mx\/","name":"Avance Computacional","description":"Automatizaci\u00f3n  y Control","potentialAction":[{"@type":"SearchAction","target":{"@type":"EntryPoint","urlTemplate":"https:\/\/www.avancecomputacional.com.mx\/?s={search_term_string}"},"query-input":"required name=search_term_string"}],"inLanguage":"en-US"}]}},"_links":{"self":[{"href":"https:\/\/www.avancecomputacional.com.mx\/en\/wp-json\/wp\/v2\/pages\/717"}],"collection":[{"href":"https:\/\/www.avancecomputacional.com.mx\/en\/wp-json\/wp\/v2\/pages"}],"about":[{"href":"https:\/\/www.avancecomputacional.com.mx\/en\/wp-json\/wp\/v2\/types\/page"}],"author":[{"embeddable":true,"href":"https:\/\/www.avancecomputacional.com.mx\/en\/wp-json\/wp\/v2\/users\/3"}],"replies":[{"embeddable":true,"href":"https:\/\/www.avancecomputacional.com.mx\/en\/wp-json\/wp\/v2\/comments?post=717"}],"version-history":[{"count":5,"href":"https:\/\/www.avancecomputacional.com.mx\/en\/wp-json\/wp\/v2\/pages\/717\/revisions"}],"predecessor-version":[{"id":723,"href":"https:\/\/www.avancecomputacional.com.mx\/en\/wp-json\/wp\/v2\/pages\/717\/revisions\/723"}],"wp:attachment":[{"href":"https:\/\/www.avancecomputacional.com.mx\/en\/wp-json\/wp\/v2\/media?parent=717"}],"curies":[{"name":"wp","href":"https:\/\/api.w.org\/{rel}","templated":true}]}}