{"id":726,"date":"2019-07-08T13:41:51","date_gmt":"2019-07-08T18:41:51","guid":{"rendered":"https:\/\/www.avancecomputacional.com.mx\/?page_id=726"},"modified":"2019-07-08T13:41:51","modified_gmt":"2019-07-08T18:41:51","slug":"support","status":"publish","type":"page","link":"https:\/\/www.avancecomputacional.com.mx\/en\/support\/","title":{"rendered":"Support"},"content":{"rendered":"<p>[et_pb_section fb_built=&#8221;1&#8243; fullwidth=&#8221;on&#8221; _builder_version=&#8221;3.22.3&#8243;][et_pb_fullwidth_header title=&#8221;Soporte&#8221; _builder_version=&#8221;3.18.8&#8243; title_font=&#8221;|800|||||||&#8221; background_color_gradient_direction=&#8221;90deg&#8221; background_image=&#8221;https:\/\/www.avancecomputacional.com.mx\/wp-content\/uploads\/2019\/07\/bg-titulo-general.png&#8221; custom_padding=&#8221;30px||20px|&#8221; text_shadow_style=&#8221;preset2&#8243;][\/et_pb_fullwidth_header][\/et_pb_section][et_pb_section fb_built=&#8221;1&#8243; admin_label=&#8221;section&#8221; _builder_version=&#8221;3.22.3&#8243; background_color=&#8221;#f6f6f6&#8243; background_image=&#8221;https:\/\/www.avancecomputacional.com.mx\/wp-content\/uploads\/2019\/07\/bg-full-soporte.jpg&#8221; parallax=&#8221;on&#8221; custom_padding=&#8221;40px|0px|40px|0px|true|false&#8221;][et_pb_row column_structure=&#8221;1_2,1_2&#8243; admin_label=&#8221;row&#8221; _builder_version=&#8221;3.25&#8243; background_size=&#8221;initial&#8221; background_position=&#8221;top_left&#8221; background_repeat=&#8221;repeat&#8221;][et_pb_column type=&#8221;1_2&#8243; _builder_version=&#8221;3.25&#8243; custom_padding=&#8221;|||&#8221; custom_padding__hover=&#8221;|||&#8221;][et_pb_text admin_label=&#8221;Text&#8221; _builder_version=&#8221;3.0.74&#8243; background_size=&#8221;initial&#8221; background_position=&#8221;top_left&#8221; background_repeat=&#8221;repeat&#8221;]<\/p>\n<p style=\"text-align: justify;\">In Avance we are aware that when a problem arises in your plant, the rapid and timely response is a key element. We have different ways to provide support depending on the type of failure:<\/p>\n<p>[\/et_pb_text][et_pb_text admin_label=&#8221;Text&#8221; _builder_version=&#8221;3.25.4&#8243; background_size=&#8221;initial&#8221; background_position=&#8221;top_left&#8221; background_repeat=&#8221;repeat&#8221;]<\/p>\n<p style=\"text-align: justify;\"><strong style=\"font-family: Lato, Helvetica, Arial, Lucida, sans-serif; font-size: 29px; text-transform: uppercase;\">Support 24<\/strong><\/p>\n<p>[\/et_pb_text][et_pb_text admin_label=&#8221;Text&#8221; _builder_version=&#8221;3.0.74&#8243; background_size=&#8221;initial&#8221; background_position=&#8221;top_left&#8221; background_repeat=&#8221;repeat&#8221;]<\/p>\n<h3 style=\"text-align: justify;\"><\/h3>\n<p style=\"text-align: justify;\">Our clients have support and service for emergencies 24 hours a day. Below you can check our emergency support numbers:<\/p>\n<p style=\"text-align: justify;\">+52 (81) 8031-8488<\/p>\n<p style=\"text-align: justify;\">+52 (81) 1380-3897<\/p>\n<p>[\/et_pb_text][et_pb_text admin_label=&#8221;Text&#8221; _builder_version=&#8221;3.25.4&#8243; background_size=&#8221;initial&#8221; background_position=&#8221;top_left&#8221; background_repeat=&#8221;repeat&#8221;]<\/p>\n<h3 style=\"text-align: justify;\"><strong>OnLine Support<\/strong><\/h3>\n<p>[\/et_pb_text][et_pb_text admin_label=&#8221;Text&#8221; _builder_version=&#8221;3.0.74&#8243; background_size=&#8221;initial&#8221; background_position=&#8221;top_left&#8221; background_repeat=&#8221;repeat&#8221;]<\/p>\n<h3 style=\"text-align: justify;\"><\/h3>\n<p style=\"text-align: justify;\">To answer your questions, we have online support service that is active from Monday to Friday during office hours. To access this service you can do it from any of the pages of our website in the lateral image that we have prepared for this purpose.<\/p>\n<p>[\/et_pb_text][\/et_pb_column][et_pb_column type=&#8221;1_2&#8243; _builder_version=&#8221;3.25&#8243; custom_padding=&#8221;|||&#8221; custom_padding__hover=&#8221;|||&#8221;][\/et_pb_column][\/et_pb_row][\/et_pb_section]<\/p>\n","protected":false},"excerpt":{"rendered":"<p>In Avance we are aware that when a problem arises in your plant, the rapid and timely response is a key element. We have different ways to provide support depending on the type of failure:Support 24 Our clients have support and service for emergencies 24 hours a day. Below you can check our emergency support [&hellip;]<\/p>\n","protected":false},"author":3,"featured_media":0,"parent":0,"menu_order":0,"comment_status":"open","ping_status":"open","template":"","meta":{"_et_pb_use_builder":"on","_et_pb_old_content":"<p style=\"text-align: justify;\">En Avance estamos concientes de que al surgir alg\u00fan problema en su planta, la respuesta r\u00e1pida y oportuna es pieza clave. Contamos con diferentes v\u00edas para proporcionar soporte dependiendo el tipo de falla:<\/p>\r\n\r\n<h3 style=\"text-align: justify;\"><strong>Soporte 24<\/strong><\/h3>\r\n<p style=\"text-align: justify;\">Nuestros clientes cuentan con soporte y servicio para emergencias las 24 horas del d\u00eda. A continuaci\u00f3n puede consultar nuestros n\u00fameros de soporte para emergencias:<\/p>\r\n<p style=\"text-align: justify;\">+52 (81) 8031-8488<\/p>\r\n<p style=\"text-align: justify;\">+52 (81) 1380-3897<\/p>\r\n\r\n<h3 style=\"text-align: justify;\"><strong>Soporte en l\u00ednea<\/strong><\/h3>\r\n<p style=\"text-align: justify;\">Para responder sus dudas, contamos con el servicio de soporte en l\u00ednea que esta activo de Lunes a Viernes en horarios de oficina. Para acceder a este servicio puede hacerlo desde cualquiera de las p\u00e1ginas de nuestro website en la imagen lateral que hemos preparado para este prop\u00f3sito.<\/p>","_et_gb_content_width":""},"yoast_head":"<!-- This site is optimized with the Yoast SEO plugin v20.3 - https:\/\/yoast.com\/wordpress\/plugins\/seo\/ -->\n<title>Support - Avance Computacional<\/title>\n<meta name=\"robots\" content=\"index, follow, max-snippet:-1, max-image-preview:large, max-video-preview:-1\" \/>\n<link rel=\"canonical\" href=\"https:\/\/www.avancecomputacional.com.mx\/en\/support\/\" \/>\n<meta property=\"og:locale\" content=\"en_US\" \/>\n<meta property=\"og:type\" content=\"article\" \/>\n<meta property=\"og:title\" content=\"Support - Avance Computacional\" \/>\n<meta property=\"og:description\" content=\"In Avance we are aware that when a problem arises in your plant, the rapid and timely response is a key element. We have different ways to provide support depending on the type of failure:Support 24 Our clients have support and service for emergencies 24 hours a day. Below you can check our emergency support [&hellip;]\" \/>\n<meta property=\"og:url\" content=\"https:\/\/www.avancecomputacional.com.mx\/en\/support\/\" \/>\n<meta property=\"og:site_name\" content=\"Avance Computacional\" \/>\n<meta name=\"twitter:card\" content=\"summary_large_image\" \/>\n<meta name=\"twitter:label1\" content=\"Est. reading time\" \/>\n\t<meta name=\"twitter:data1\" content=\"2 minutes\" \/>\n<script type=\"application\/ld+json\" class=\"yoast-schema-graph\">{\"@context\":\"https:\/\/schema.org\",\"@graph\":[{\"@type\":\"WebPage\",\"@id\":\"https:\/\/www.avancecomputacional.com.mx\/en\/support\/\",\"url\":\"https:\/\/www.avancecomputacional.com.mx\/en\/support\/\",\"name\":\"Support - Avance Computacional\",\"isPartOf\":{\"@id\":\"https:\/\/www.avancecomputacional.com.mx\/#website\"},\"datePublished\":\"2019-07-08T18:41:51+00:00\",\"dateModified\":\"2019-07-08T18:41:51+00:00\",\"breadcrumb\":{\"@id\":\"https:\/\/www.avancecomputacional.com.mx\/en\/support\/#breadcrumb\"},\"inLanguage\":\"en-US\",\"potentialAction\":[{\"@type\":\"ReadAction\",\"target\":[\"https:\/\/www.avancecomputacional.com.mx\/en\/support\/\"]}]},{\"@type\":\"BreadcrumbList\",\"@id\":\"https:\/\/www.avancecomputacional.com.mx\/en\/support\/#breadcrumb\",\"itemListElement\":[{\"@type\":\"ListItem\",\"position\":1,\"name\":\"Portada\",\"item\":\"https:\/\/www.avancecomputacional.com.mx\/en\/\"},{\"@type\":\"ListItem\",\"position\":2,\"name\":\"Support\"}]},{\"@type\":\"WebSite\",\"@id\":\"https:\/\/www.avancecomputacional.com.mx\/#website\",\"url\":\"https:\/\/www.avancecomputacional.com.mx\/\",\"name\":\"Avance Computacional\",\"description\":\"Automatizaci\u00f3n  y Control\",\"potentialAction\":[{\"@type\":\"SearchAction\",\"target\":{\"@type\":\"EntryPoint\",\"urlTemplate\":\"https:\/\/www.avancecomputacional.com.mx\/?s={search_term_string}\"},\"query-input\":\"required name=search_term_string\"}],\"inLanguage\":\"en-US\"}]}<\/script>\n<!-- \/ Yoast SEO plugin. -->","yoast_head_json":{"title":"Support - Avance Computacional","robots":{"index":"index","follow":"follow","max-snippet":"max-snippet:-1","max-image-preview":"max-image-preview:large","max-video-preview":"max-video-preview:-1"},"canonical":"https:\/\/www.avancecomputacional.com.mx\/en\/support\/","og_locale":"en_US","og_type":"article","og_title":"Support - Avance Computacional","og_description":"In Avance we are aware that when a problem arises in your plant, the rapid and timely response is a key element. We have different ways to provide support depending on the type of failure:Support 24 Our clients have support and service for emergencies 24 hours a day. Below you can check our emergency support [&hellip;]","og_url":"https:\/\/www.avancecomputacional.com.mx\/en\/support\/","og_site_name":"Avance Computacional","twitter_card":"summary_large_image","twitter_misc":{"Est. reading time":"2 minutes"},"schema":{"@context":"https:\/\/schema.org","@graph":[{"@type":"WebPage","@id":"https:\/\/www.avancecomputacional.com.mx\/en\/support\/","url":"https:\/\/www.avancecomputacional.com.mx\/en\/support\/","name":"Support - Avance Computacional","isPartOf":{"@id":"https:\/\/www.avancecomputacional.com.mx\/#website"},"datePublished":"2019-07-08T18:41:51+00:00","dateModified":"2019-07-08T18:41:51+00:00","breadcrumb":{"@id":"https:\/\/www.avancecomputacional.com.mx\/en\/support\/#breadcrumb"},"inLanguage":"en-US","potentialAction":[{"@type":"ReadAction","target":["https:\/\/www.avancecomputacional.com.mx\/en\/support\/"]}]},{"@type":"BreadcrumbList","@id":"https:\/\/www.avancecomputacional.com.mx\/en\/support\/#breadcrumb","itemListElement":[{"@type":"ListItem","position":1,"name":"Portada","item":"https:\/\/www.avancecomputacional.com.mx\/en\/"},{"@type":"ListItem","position":2,"name":"Support"}]},{"@type":"WebSite","@id":"https:\/\/www.avancecomputacional.com.mx\/#website","url":"https:\/\/www.avancecomputacional.com.mx\/","name":"Avance Computacional","description":"Automatizaci\u00f3n  y Control","potentialAction":[{"@type":"SearchAction","target":{"@type":"EntryPoint","urlTemplate":"https:\/\/www.avancecomputacional.com.mx\/?s={search_term_string}"},"query-input":"required name=search_term_string"}],"inLanguage":"en-US"}]}},"_links":{"self":[{"href":"https:\/\/www.avancecomputacional.com.mx\/en\/wp-json\/wp\/v2\/pages\/726"}],"collection":[{"href":"https:\/\/www.avancecomputacional.com.mx\/en\/wp-json\/wp\/v2\/pages"}],"about":[{"href":"https:\/\/www.avancecomputacional.com.mx\/en\/wp-json\/wp\/v2\/types\/page"}],"author":[{"embeddable":true,"href":"https:\/\/www.avancecomputacional.com.mx\/en\/wp-json\/wp\/v2\/users\/3"}],"replies":[{"embeddable":true,"href":"https:\/\/www.avancecomputacional.com.mx\/en\/wp-json\/wp\/v2\/comments?post=726"}],"version-history":[{"count":4,"href":"https:\/\/www.avancecomputacional.com.mx\/en\/wp-json\/wp\/v2\/pages\/726\/revisions"}],"predecessor-version":[{"id":731,"href":"https:\/\/www.avancecomputacional.com.mx\/en\/wp-json\/wp\/v2\/pages\/726\/revisions\/731"}],"wp:attachment":[{"href":"https:\/\/www.avancecomputacional.com.mx\/en\/wp-json\/wp\/v2\/media?parent=726"}],"curies":[{"name":"wp","href":"https:\/\/api.w.org\/{rel}","templated":true}]}}